{"id":5543,"date":"2016-07-21T10:20:05","date_gmt":"2016-07-21T10:20:05","guid":{"rendered":"https:\/\/georgewendellbaker.com\/bienvenue\/"},"modified":"2025-06-20T22:20:50","modified_gmt":"2025-06-20T22:20:50","slug":"bienvenue","status":"publish","type":"page","link":"https:\/\/georgewendellbaker.com\/fr\/","title":{"rendered":"Bienvenue"},"content":{"rendered":"<section class=\"l-section wpb_row welcome-intro height_medium full_height valign_center color_primary with_img parallax_ver parallax_xpos_left\"><div class=\"l-section-img\" role=\"img\" data-img-width=\"1458\" data-img-height=\"1093\" style=\"background-image: url(https:\/\/georgewendellbaker.com\/wp-content\/uploads\/2024\/03\/studio4-bw.jpg);background-position: center left;background-repeat: no-repeat;\"><\/div><div class=\"l-section-overlay\" style=\"background:rgba(0,0,0,0.33)\"><\/div><div class=\"l-section-h i-cf\"><div class=\"g-cols vc_row via_grid cols_2 laptops-cols_inherit tablets-cols_inherit mobiles-cols_1 valign_top type_default stacking_default\"><div class=\"wpb_column vc_column_container\"><div class=\"vc_column-inner\"><div class=\"wpb_text_column us_custom_8e2af38d welcome-intro\"><div class=\"wpb_wrapper\"><div class=\"welcome-intro\">\n<p style=\"font-family: 'Bonheur Royale', cursive; font-size: 30px; font-weight: 400; line-height: 1.4; text-align: center; margin-bottom: 5px;\">\n  Bienvenue. Ceci n\u2019est pas un fil d\u2019actualit\u00e9.\n<\/p>\n<p style=\"font-family: 'Bonheur Royale', cursive; font-size: 30px; font-weight: 400; line-height: 1.4; text-align: center; margin-bottom: 5px;\">\n  C\u2019est un lieu paisible\u2014fait main, cr\u00e9\u00e9 par un \u00eatre humain.\n<\/p>\n<p style=\"font-family: 'Bonheur Royale', cursive; font-size: 30px; font-weight: 400; line-height: 1.4; text-align: center; margin-bottom: 5px;\">\n  Un atelier d\u2019images, de questions, et de seuils symboliques.\n<\/p>\n<p style=\"font-family: 'Bonheur Royale', cursive; font-size: 30px; font-weight: 400; line-height: 1.4; text-align: center; margin-bottom: 5px;\">\n  Prenez votre temps.\n<\/p>\n<\/div>\n<\/div><\/div><div class=\"wpb_text_column us_custom_3d843954\"><div class=\"wpb_wrapper\"><h2><span style=\"color: #e8e8e8;\">\u00a0 <em>Gw Baker<\/em><\/span><\/h2>\n<\/div><\/div><div class=\"w-separator size_small\"><\/div><div class=\"w-btn-wrapper align_none\"><a class=\"w-btn us-btn-style_1\" href=\"https:\/\/georgewendellbaker.com\/fr\/peintures-dessins-et-sculptures\/\"><span class=\"w-btn-label\">\u0152uvres<\/span><\/a><\/div><\/div><\/div><div class=\"wpb_column vc_column_container\"><div class=\"vc_column-inner\"><\/div><\/div><\/div><\/div><\/section>[\/vc_row]\n","protected":false},"excerpt":{"rendered":"<p>[\/vc_row]<\/p>\n","protected":false},"author":1,"featured_media":5186,"parent":0,"menu_order":0,"comment_status":"closed","ping_status":"closed","template":"","meta":{"_acf_changed":false,"nf_dc_page":"","_uf_show_specific_survey":0,"_uf_disable_surveys":false,"footnotes":""},"class_list":["post-5543","page","type-page","status-publish","has-post-thumbnail","hentry"],"acf":[],"aioseo_notices":[],"_links":{"self":[{"href":"https:\/\/georgewendellbaker.com\/fr\/wp-json\/wp\/v2\/pages\/5543","targetHints":{"allow":["GET"]}}],"collection":[{"href":"https:\/\/georgewendellbaker.com\/fr\/wp-json\/wp\/v2\/pages"}],"about":[{"href":"https:\/\/georgewendellbaker.com\/fr\/wp-json\/wp\/v2\/types\/page"}],"author":[{"embeddable":true,"href":"https:\/\/georgewendellbaker.com\/fr\/wp-json\/wp\/v2\/users\/1"}],"replies":[{"embeddable":true,"href":"https:\/\/georgewendellbaker.com\/fr\/wp-json\/wp\/v2\/comments?post=5543"}],"version-history":[{"count":5,"href":"https:\/\/georgewendellbaker.com\/fr\/wp-json\/wp\/v2\/pages\/5543\/revisions"}],"predecessor-version":[{"id":5764,"href":"https:\/\/georgewendellbaker.com\/fr\/wp-json\/wp\/v2\/pages\/5543\/revisions\/5764"}],"wp:featuredmedia":[{"embeddable":true,"href":"https:\/\/georgewendellbaker.com\/fr\/wp-json\/wp\/v2\/media\/5186"}],"wp:attachment":[{"href":"https:\/\/georgewendellbaker.com\/fr\/wp-json\/wp\/v2\/media?parent=5543"}],"curies":[{"name":"wp","href":"https:\/\/api.w.org\/{rel}","templated":true}]}}