{"id":5546,"date":"2016-08-03T09:44:22","date_gmt":"2016-08-03T09:44:22","guid":{"rendered":"https:\/\/georgewendellbaker.com\/a-propos\/"},"modified":"2025-11-07T23:52:10","modified_gmt":"2025-11-07T23:52:10","slug":"a-propos","status":"publish","type":"page","link":"https:\/\/georgewendellbaker.com\/fr\/a-propos\/","title":{"rendered":"\u00c0 propos"},"content":{"rendered":"<section class=\"l-section wpb_row height_medium\"><div class=\"l-section-h i-cf\"><div class=\"g-cols vc_row via_grid cols_2 laptops-cols_inherit tablets-cols_inherit mobiles-cols_1 valign_top type_default stacking_default\"><div class=\"wpb_column vc_column_container\"><div class=\"vc_column-inner\"><div class=\"w-text us_custom_c0be86b6\"><span class=\"w-text-h\"><span class=\"w-text-value\">\u00ab La v\u00e9rit\u00e9 est toujours pr\u00e9sente ; il suffit de soulever les couvercles de fer de nos perceptions. \u00bb \u2014 Ralph Waldo Emerson<\/span><\/span><\/div><div class=\"w-separator size_medium\"><\/div><div class=\"w-image align_none\"><div class=\"w-image-h\"><img decoding=\"async\" width=\"1024\" height=\"834\" src=\"https:\/\/georgewendellbaker.com\/wp-content\/uploads\/2024\/08\/64074-e1724902771349-1024x834.jpg\" class=\"attachment-large size-large\" alt=\"\" loading=\"lazy\" srcset=\"https:\/\/georgewendellbaker.com\/wp-content\/uploads\/2024\/08\/64074-e1724902771349-1024x834.jpg 1024w, https:\/\/georgewendellbaker.com\/wp-content\/uploads\/2024\/08\/64074-e1724902771349-600x489.jpg 600w, https:\/\/georgewendellbaker.com\/wp-content\/uploads\/2024\/08\/64074-e1724902771349-300x244.jpg 300w, https:\/\/georgewendellbaker.com\/wp-content\/uploads\/2024\/08\/64074-e1724902771349.jpg 1395w\" sizes=\"auto, (max-width: 1024px) 100vw, 1024px\" \/><\/div><\/div><\/div><\/div><div class=\"wpb_column vc_column_container\"><div class=\"vc_column-inner\"><div class=\"wpb_text_column\"><div class=\"wpb_wrapper\"><p data-start=\"486\" data-end=\"882\">Les innombrables corridors que nous empruntons dans notre ligne temporelle s&#8217;entrelacent avec ceux des autres en une myriade de fa\u00e7ons \u2014 certaines visibles, d&#8217;autres non. Ayant compris que la conscience r\u00e9sonne en fr\u00e9quence, dans une simulation onirique en correspondance avec des champs invisibles, j\u2019ai \u00e9t\u00e9 intrins\u00e8quement attir\u00e9 par l\u2019illustration des ombres autant que de ce qui est illumin\u00e9.<\/p>\n<p data-start=\"884\" data-end=\"1586\">En commen\u00e7ant \u00e0 consid\u00e9rer la vie comme des lignes temporelles se manifestant dans un paysage interdimensionnel, je suis devenu curieux des \u00e9nigmes internes et externes influen\u00e7ant nos perceptions. D\u2019une multitude de cultures historiques, de philosophes, jusqu\u2019aux th\u00e9oriciens de la simulation d\u2019aujourd\u2019hui, \u00e9merge la notion d\u2019un jeu abstrait entre le monde physique et les dimensions astrales. Les preuves d\u2019un affrontement m\u00e9taphysique entre la lumi\u00e8re et l\u2019obscurit\u00e9, la v\u00e9rit\u00e9 et la tromperie, semblent s\u2019\u00eatre amplifi\u00e9es ces derni\u00e8res ann\u00e9es. Et si nous sommes en effet destin\u00e9s \u00e0 une forme de basculement proph\u00e9tique, alors l\u2019instinct me dit qu\u2019il faut laisser quelques miettes de pain en chemin.<\/p>\n<p data-start=\"1588\" data-end=\"1845\">Mes \u0153uvres prennent forme par un processus cr\u00e9atif m\u00ealant mod\u00e8les, r\u00e9f\u00e9rences et imagination. Elles ne sont pas g\u00e9n\u00e9r\u00e9es par algorithmes, mais naissent d\u2019une collaboration humaine, quelque part entre observation et intuition \u2014 l\u00e0 o\u00f9, pour moi, <span style=\"color: #ff6600;\"><a style=\"color: #ff6600;\" href=\"https:\/\/georgewendellbaker.com\/portfolio\/studio\/\">l\u2019art<\/a><\/span> a lieu.<\/p>\n<p data-start=\"1847\" data-end=\"2012\">Je suis reconnaissant de partager ce parcours avec ma petite troupe d\u2019artistes \u00e0 la maison. J\u2019esp\u00e8re que vous trouverez un moment de pause en contemplant ce travail.<\/p>\n<p data-start=\"2014\" data-end=\"2044\">Gw Baker 2024, Sud de Ta\u00efwan<\/p>\n<p data-start=\"2014\" data-end=\"2044\">Pour plus d\u2019informations, veuillez consulter la page <a href=\"https:\/\/georgewendellbaker.com\/fr\/contact\/\"><span style=\"color: #ff6600;\">Contact<\/span><\/a>. Pour acheter une \u0153uvre, cliquez <span style=\"color: #ff6600;\"><a style=\"color: #ff6600;\" href=\"https:\/\/georgewendellbaker.com\/fr\/5936-2\/\">ICI.<\/a>\u00a0<\/span><br data-start=\"289\" data-end=\"292\" \/>Les \u0153uvres \u00e9crites se trouvent <a href=\"https:\/\/georgewendellbaker.com\/fr\/oeuvres-ecrites\/\"><span style=\"color: #ff6600;\">ICI<\/span><\/a>. Les essais vid\u00e9o peuvent \u00eatre visionn\u00e9s <span style=\"color: #ff6600;\"><a style=\"color: #ff6600;\" href=\"https:\/\/www.youtube.com\/channel\/UCF4GNMEHRSXNE_rSeQHbTuw\" target=\"_blank\" rel=\"noopener\">ICI<\/a><\/span>.<\/p>\n<\/div><\/div><\/div><\/div><\/div><\/div><\/section><section class=\"l-section wpb_row height_medium\"><div class=\"l-section-h i-cf\"><div class=\"g-cols vc_row via_grid cols_1 laptops-cols_inherit tablets-cols_inherit mobiles-cols_1 valign_top type_default stacking_default\"><div class=\"wpb_column vc_column_container\"><div class=\"vc_column-inner\"><\/div><\/div><\/div><\/div><\/section><section class=\"l-section wpb_row height_medium\"><div class=\"l-section-h i-cf\"><div class=\"g-cols vc_row via_grid cols_1 laptops-cols_inherit tablets-cols_inherit mobiles-cols_1 valign_top type_default stacking_default\"><div class=\"wpb_column vc_column_container\"><div class=\"vc_column-inner\"><div class=\"wpb_text_column us_custom_86f7aa96 has_text_color\"><div class=\"wpb_wrapper\"><p>\u00c9galement connu sous le nom de George Baker ou Gw Baker. Peintre et \u00e9crivain canadien vivant \u00e0 Ta\u00efwan.<\/p>\n<\/div><\/div><\/div><\/div><\/div><\/div><\/section>\n","protected":false},"excerpt":{"rendered":"\u00ab La v\u00e9rit\u00e9 est toujours pr\u00e9sente ; il suffit de soulever les couvercles de fer de nos perceptions. \u00bb \u2014 Ralph Waldo EmersonLes innombrables corridors que nous empruntons dans notre ligne temporelle s&#8217;entrelacent avec ceux des autres en une myriade de fa\u00e7ons \u2014 certaines visibles, d&#8217;autres non. Ayant compris que la conscience r\u00e9sonne en fr\u00e9quence,...","protected":false},"author":1,"featured_media":0,"parent":0,"menu_order":0,"comment_status":"closed","ping_status":"closed","template":"","meta":{"_acf_changed":false,"nf_dc_page":"","_uf_show_specific_survey":0,"_uf_disable_surveys":false,"footnotes":""},"class_list":["post-5546","page","type-page","status-publish","hentry"],"acf":[],"aioseo_notices":[],"_links":{"self":[{"href":"https:\/\/georgewendellbaker.com\/fr\/wp-json\/wp\/v2\/pages\/5546","targetHints":{"allow":["GET"]}}],"collection":[{"href":"https:\/\/georgewendellbaker.com\/fr\/wp-json\/wp\/v2\/pages"}],"about":[{"href":"https:\/\/georgewendellbaker.com\/fr\/wp-json\/wp\/v2\/types\/page"}],"author":[{"embeddable":true,"href":"https:\/\/georgewendellbaker.com\/fr\/wp-json\/wp\/v2\/users\/1"}],"replies":[{"embeddable":true,"href":"https:\/\/georgewendellbaker.com\/fr\/wp-json\/wp\/v2\/comments?post=5546"}],"version-history":[{"count":5,"href":"https:\/\/georgewendellbaker.com\/fr\/wp-json\/wp\/v2\/pages\/5546\/revisions"}],"predecessor-version":[{"id":6119,"href":"https:\/\/georgewendellbaker.com\/fr\/wp-json\/wp\/v2\/pages\/5546\/revisions\/6119"}],"wp:attachment":[{"href":"https:\/\/georgewendellbaker.com\/fr\/wp-json\/wp\/v2\/media?parent=5546"}],"curies":[{"name":"wp","href":"https:\/\/api.w.org\/{rel}","templated":true}]}}