{"id":5549,"date":"2016-08-04T13:32:08","date_gmt":"2016-08-04T13:32:08","guid":{"rendered":"https:\/\/georgewendellbaker.com\/contact\/"},"modified":"2025-06-10T02:06:44","modified_gmt":"2025-06-10T02:06:44","slug":"contact","status":"publish","type":"page","link":"https:\/\/georgewendellbaker.com\/fr\/contact\/","title":{"rendered":"Contact"},"content":{"rendered":"<section class=\"l-section wpb_row height_medium\"><div class=\"l-section-h i-cf\"><div class=\"g-cols vc_row via_grid cols_1 laptops-cols_inherit tablets-cols_inherit mobiles-cols_1 valign_top type_default stacking_default\"><div class=\"wpb_column vc_column_container\"><div class=\"vc_column-inner\"><h2 class=\"w-post-elm post_title align_center entry-title color_link_inherit\">Contact<\/h2><div class=\"w-text\"><span class=\"w-text-h\"><span class=\"w-text-value\">Gw Baker est un artiste interdisciplinaire et \u00e9crivain canadien, originaire de la Saskatchewan, \u00e9tabli dans le sud de Ta\u00efwan depuis 2005. Titulaire d\u2019un baccalaur\u00e9at en beaux-arts (B.F.A.) obtenu avec distinction de l\u2019Universit\u00e9 de Regina, il a poursuivi ses \u00e9tudes artistiques \u00e0 l\u2019Universit\u00e9 Concordia de Montr\u00e9al avant de s\u2019installer \u00e0 Kaohsiung. Son travail r\u00e9cent est ancr\u00e9 dans la m\u00e9taphorie \u2014 une philosophie personnelle et une m\u00e9thode d\u2019exploration m\u00e9taphorique qui traversent ses \u0153uvres visuelles et ses \u00e9crits. Ses peintures figuratives s\u2019inspirent d\u2019esth\u00e9tiques classiques et baroques, enrichies d\u2019une profondeur symbolique et \u00e9sot\u00e9rique. Sous le pseudonyme de Wendell Beckon, ses \u00e9crits prolongent cette recherche \u00e0 travers le temps, la m\u00e9moire et la perception. Ses th\u00e8mes r\u00e9currents incluent la tension entre illusion et \u00e9veil, la critique des institutions et les courants mystiques de la conscience humaine. \u00c0 la crois\u00e9e des traditions, l\u2019art de Baker devient un passage \u2014 une invitation \u00e0 l\u2019introspection par la m\u00e9taphore et la vision intuitive.<\/span><\/span><\/div><div class=\"w-text us_custom_1f257949\"><span class=\"w-text-h\"><span class=\"w-text-value\">Pour toute demande, collaboration ou exposition, veuillez utiliser le formulaire ci-dessous ou envoyer un courriel directement.<\/span><\/span><\/div><\/div><\/div><\/div><\/div><\/section><section class=\"l-section wpb_row us_custom_6ca89a25 height_medium color_primary\"><div class=\"l-section-h i-cf\"><div class=\"g-cols vc_row via_grid cols_1-4-1 laptops-cols_inherit tablets-cols_inherit mobiles-cols_1 valign_top type_default stacking_default\"><div class=\"wpb_column vc_column_container\"><div class=\"vc_column-inner\"><\/div><\/div><div class=\"wpb_column vc_column_container\"><div class=\"vc_column-inner\"><div class=\"wpb_text_column\"><div class=\"wpb_wrapper\"><style id=\"wpforms-css-vars-3652\">\n\t\t\t\t#wpforms-3652 {\n\t\t\t\t\n\t\t\t}\n\t\t\t<\/style><div class=\"wpforms-container wpforms-container-full wpforms-render-modern\" id=\"wpforms-3652\"><form id=\"wpforms-form-3652\" class=\"wpforms-validate wpforms-form wpforms-ajax-form\" data-formid=\"3652\" method=\"post\" enctype=\"multipart\/form-data\" action=\"\/fr\/wp-json\/wp\/v2\/pages\/5549\" data-token=\"438dedf1f763f7246953e907c2859586\" data-token-time=\"1775258413\"><noscript class=\"wpforms-error-noscript\">Veuillez activer JavaScript dans votre navigateur pour remplir ce formulaire.<\/noscript><div id=\"wpforms-error-noscript\" style=\"display: none;\">Veuillez activer JavaScript dans votre navigateur pour remplir ce formulaire.<\/div><div class=\"wpforms-field-container\"><div id=\"wpforms-3652-field_0-container\" class=\"wpforms-field wpforms-field-name\" data-field-id=\"0\"><fieldset><legend class=\"wpforms-field-label\">Name <span class=\"wpforms-required-label\" aria-hidden=\"true\">*<\/span><\/legend><div class=\"wpforms-field-row wpforms-field-medium\"><div class=\"wpforms-field-row-block wpforms-first wpforms-one-half\"><input type=\"text\" id=\"wpforms-3652-field_0\" class=\"wpforms-field-name-first wpforms-field-required\" name=\"wpforms[fields][0][first]\" aria-errormessage=\"wpforms-3652-field_0-error\" required><label for=\"wpforms-3652-field_0\" class=\"wpforms-field-sublabel after\">First<\/label><\/div><div class=\"wpforms-field-row-block wpforms-one-half\"><input type=\"text\" id=\"wpforms-3652-field_0-last\" class=\"wpforms-field-name-last wpforms-field-required\" name=\"wpforms[fields][0][last]\" aria-errormessage=\"wpforms-3652-field_0-last-error\" required><label for=\"wpforms-3652-field_0-last\" class=\"wpforms-field-sublabel after\">Last<\/label><\/div><\/div><\/fieldset><\/div><div id=\"wpforms-3652-field_1-container\" class=\"wpforms-field wpforms-field-email\" data-field-id=\"1\"><label class=\"wpforms-field-label\" for=\"wpforms-3652-field_1\">Email <span class=\"wpforms-required-label\" aria-hidden=\"true\">*<\/span><\/label><input type=\"email\" id=\"wpforms-3652-field_1\" class=\"wpforms-field-medium wpforms-field-required\" name=\"wpforms[fields][1]\" spellcheck=\"false\" aria-errormessage=\"wpforms-3652-field_1-error\" required><\/div><div id=\"wpforms-3652-field_2-container\" class=\"wpforms-field wpforms-field-textarea\" data-field-id=\"2\"><label class=\"wpforms-field-label\" for=\"wpforms-3652-field_2\">Comment or Message<\/label><textarea id=\"wpforms-3652-field_2\" class=\"wpforms-field-medium\" name=\"wpforms[fields][2]\" aria-errormessage=\"wpforms-3652-field_2-error\" ><\/textarea><\/div><\/div><!-- .wpforms-field-container --><div class=\"wpforms-recaptcha-container wpforms-is-recaptcha wpforms-is-recaptcha-type-v2\" ><div class=\"g-recaptcha\" data-sitekey=\"6LfXelkrAAAAAP2meiVxM6SOXiGz3CzFL_hxC8Yg\"><\/div><input type=\"text\" name=\"g-recaptcha-hidden\" class=\"wpforms-recaptcha-hidden\" style=\"position:absolute!important;clip:rect(0,0,0,0)!important;height:1px!important;width:1px!important;border:0!important;overflow:hidden!important;padding:0!important;margin:0!important;\" data-rule-recaptcha=\"1\"><\/div><div class=\"wpforms-submit-container\" ><input type=\"hidden\" name=\"wpforms[id]\" value=\"3652\"><input type=\"hidden\" name=\"page_title\" value=\"\"><input type=\"hidden\" name=\"page_url\" value=\"https:\/\/georgewendellbaker.com\/fr\/wp-json\/wp\/v2\/pages\/5549\"><input type=\"hidden\" name=\"url_referer\" value=\"\"><button type=\"submit\" name=\"wpforms[submit]\" id=\"wpforms-submit-3652\" class=\"wpforms-submit\" data-alt-text=\"Sending...\" data-submit-text=\"Submit\" aria-live=\"assertive\" value=\"wpforms-submit\">Submit<\/button><img loading=\"lazy\" decoding=\"async\" src=\"https:\/\/georgewendellbaker.com\/wp-content\/plugins\/wpforms-lite\/assets\/images\/submit-spin.svg\" class=\"wpforms-submit-spinner\" style=\"display: none;\" width=\"26\" height=\"26\" alt=\"Chargement en cours\"><\/div><\/form><\/div>  <!-- .wpforms-container -->\n<\/div><\/div><\/div><\/div><div class=\"wpb_column vc_column_container\"><div class=\"vc_column-inner\"><\/div><\/div><\/div><\/div><\/section><section class=\"l-section wpb_row height_medium\"><div class=\"l-section-h i-cf\"><div class=\"g-cols vc_row via_grid cols_1-2-1 laptops-cols_inherit tablets-cols_inherit mobiles-cols_1 valign_top type_default stacking_default\"><div class=\"wpb_column vc_column_container\"><div class=\"vc_column-inner\"><\/div><\/div><div class=\"wpb_column vc_column_container\"><div class=\"vc_column-inner\"><div class=\"w-separator size_medium\"><\/div><\/div><\/div><div class=\"wpb_column vc_column_container\"><div class=\"vc_column-inner\"><\/div><\/div><\/div><\/div><\/section><section class=\"l-section wpb_row height_medium\"><div class=\"l-section-h i-cf\"><div class=\"g-cols vc_row via_grid cols_1 laptops-cols_inherit tablets-cols_inherit mobiles-cols_1 valign_top type_default stacking_default\"><div class=\"wpb_column vc_column_container\"><div class=\"vc_column-inner\"><\/div><\/div><\/div><\/div><\/section>\n","protected":false},"excerpt":{"rendered":"ContactGw Baker est un artiste interdisciplinaire et \u00e9crivain canadien, originaire de la Saskatchewan, \u00e9tabli dans le sud de Ta\u00efwan depuis 2005. Titulaire d\u2019un baccalaur\u00e9at en beaux-arts (B.F.A.) obtenu avec distinction de l\u2019Universit\u00e9 de Regina, il a poursuivi ses \u00e9tudes artistiques \u00e0 l\u2019Universit\u00e9 Concordia de Montr\u00e9al avant de s\u2019installer \u00e0 Kaohsiung. Son travail r\u00e9cent est ancr\u00e9...","protected":false},"author":1,"featured_media":0,"parent":0,"menu_order":0,"comment_status":"closed","ping_status":"closed","template":"","meta":{"_acf_changed":false,"nf_dc_page":"","_uf_show_specific_survey":0,"_uf_disable_surveys":false,"footnotes":""},"class_list":["post-5549","page","type-page","status-publish","hentry"],"acf":[],"aioseo_notices":[],"_links":{"self":[{"href":"https:\/\/georgewendellbaker.com\/fr\/wp-json\/wp\/v2\/pages\/5549","targetHints":{"allow":["GET"]}}],"collection":[{"href":"https:\/\/georgewendellbaker.com\/fr\/wp-json\/wp\/v2\/pages"}],"about":[{"href":"https:\/\/georgewendellbaker.com\/fr\/wp-json\/wp\/v2\/types\/page"}],"author":[{"embeddable":true,"href":"https:\/\/georgewendellbaker.com\/fr\/wp-json\/wp\/v2\/users\/1"}],"replies":[{"embeddable":true,"href":"https:\/\/georgewendellbaker.com\/fr\/wp-json\/wp\/v2\/comments?post=5549"}],"version-history":[{"count":2,"href":"https:\/\/georgewendellbaker.com\/fr\/wp-json\/wp\/v2\/pages\/5549\/revisions"}],"predecessor-version":[{"id":5551,"href":"https:\/\/georgewendellbaker.com\/fr\/wp-json\/wp\/v2\/pages\/5549\/revisions\/5551"}],"wp:attachment":[{"href":"https:\/\/georgewendellbaker.com\/fr\/wp-json\/wp\/v2\/media?parent=5549"}],"curies":[{"name":"wp","href":"https:\/\/api.w.org\/{rel}","templated":true}]}}