{"id":5573,"date":"2023-10-17T01:24:56","date_gmt":"2023-10-17T01:24:56","guid":{"rendered":"https:\/\/georgewendellbaker.com\/oeuvres-ecrites\/"},"modified":"2025-11-26T23:55:14","modified_gmt":"2025-11-26T23:55:14","slug":"oeuvres-ecrites","status":"publish","type":"page","link":"https:\/\/georgewendellbaker.com\/fr\/oeuvres-ecrites\/","title":{"rendered":"\u0152uvres \u00e9crites"},"content":{"rendered":"<section class=\"l-section wpb_row us_custom_2c0a0b6c height_medium\"><div class=\"l-section-h i-cf\"><div class=\"g-cols vc_row via_grid cols_1 laptops-cols_inherit tablets-cols_inherit mobiles-cols_1 valign_top type_default stacking_default\"><div class=\"wpb_column vc_column_container\"><div class=\"vc_column-inner\"><div class=\"wpb_text_column us_custom_3e8231b8\"><div class=\"wpb_wrapper\"><p style=\"text-align: left;\"><em>\u00ab Je n\u2019ai aucun droit de me dire quelqu\u2019un qui sait. J\u2019\u00e9tais un chercheur, et je le suis encore, mais je ne cherche plus dans les \u00e9toiles ni dans les livres ; je commence \u00e0 entendre les enseignements de mon sang qui palpite en moi. Mon histoire n\u2019est pas agr\u00e9able, elle n\u2019est ni douce ni harmonieuse comme les histoires invent\u00e9es ; elle a le go\u00fbt de la folie et de l\u2019\u00e9garement, de la d\u00e9mence et du r\u00eave, comme la vie de tous ceux qui ne veulent plus se mentir \u00e0 eux-m\u00eames. \u00bb<\/em> \u2014 Hermann Hesse<\/p>\n<\/div><\/div><\/div><\/div><\/div><\/div><\/section><section class=\"l-section wpb_row us_custom_33fe73d0 height_medium\"><div class=\"l-section-h i-cf\"><div class=\"g-cols vc_row via_grid cols_3 laptops-cols_inherit tablets-cols_inherit mobiles-cols_1 valign_top type_default stacking_default\" style=\"--gap:2.4rem;\"><div class=\"wpb_column vc_column_container\"><div class=\"vc_column-inner\"><div class=\"w-text us_custom_eb849559\"><span class=\"w-text-h\"><span class=\"w-text-value\">Recueil de nouvelles<\/span><\/span><\/div><div class=\"w-image align_center\"><a href=\"https:\/\/georgewendellbaker.com\/wp-content\/uploads\/2025\/05\/Rivers-of-Season-1-1.pdf\" aria-label=\"Cover 1\" class=\"w-image-h\"><img decoding=\"async\" width=\"1024\" height=\"1536\" src=\"https:\/\/georgewendellbaker.com\/wp-content\/uploads\/2025\/05\/Cover-1.png\" class=\"attachment-full size-full\" alt=\"\" loading=\"lazy\" srcset=\"https:\/\/georgewendellbaker.com\/wp-content\/uploads\/2025\/05\/Cover-1.png 1024w, https:\/\/georgewendellbaker.com\/wp-content\/uploads\/2025\/05\/Cover-1-200x300.png 200w\" sizes=\"auto, (max-width: 1024px) 100vw, 1024px\" \/><\/a><\/div><div class=\"w-btn-wrapper align_center\"><a class=\"w-btn us-btn-style_1 us_custom_6745946f has_text_color\" href=\"https:\/\/georgewendellbaker.com\/wp-content\/uploads\/2025\/05\/Rivers-of-Season-.pdf\"><span class=\"w-btn-label\">T\u00e9l\u00e9charger le livre<\/span><\/a><\/div><div class=\"w-text us_custom_8d75a6d8\"><span class=\"w-text-h\"><span class=\"w-text-value\">Po\u00e8mes du Bouvier<\/span><\/span><\/div><div class=\"w-image style_outlined align_center\"><a href=\"https:\/\/georgewendellbaker.com\/wp-content\/uploads\/2023\/09\/Paysage-Postmoderne.jpg\" aria-label=\"A Gate in Samsara\" class=\"w-image-h\"><img decoding=\"async\" width=\"940\" height=\"788\" src=\"https:\/\/georgewendellbaker.com\/wp-content\/uploads\/2023\/09\/A-Gate-in-Samsara.jpg\" class=\"attachment-large size-large\" alt=\"\" loading=\"lazy\" srcset=\"https:\/\/georgewendellbaker.com\/wp-content\/uploads\/2023\/09\/A-Gate-in-Samsara.jpg 940w, https:\/\/georgewendellbaker.com\/wp-content\/uploads\/2023\/09\/A-Gate-in-Samsara-600x503.jpg 600w, https:\/\/georgewendellbaker.com\/wp-content\/uploads\/2023\/09\/A-Gate-in-Samsara-300x251.jpg 300w\" sizes=\"auto, (max-width: 940px) 100vw, 940px\" \/><\/a><\/div><div class=\"w-image align_none\"><div class=\"w-image-h\"><img decoding=\"async\" width=\"940\" height=\"788\" src=\"https:\/\/georgewendellbaker.com\/wp-content\/uploads\/2023\/09\/Paysage-Postmoderne.jpg\" class=\"attachment-large size-large\" alt=\"\" loading=\"lazy\" srcset=\"https:\/\/georgewendellbaker.com\/wp-content\/uploads\/2023\/09\/Paysage-Postmoderne.jpg 940w, https:\/\/georgewendellbaker.com\/wp-content\/uploads\/2023\/09\/Paysage-Postmoderne-600x503.jpg 600w, https:\/\/georgewendellbaker.com\/wp-content\/uploads\/2023\/09\/Paysage-Postmoderne-300x251.jpg 300w\" sizes=\"auto, (max-width: 940px) 100vw, 940px\" \/><\/div><\/div><div class=\"w-image style_outlined align_center\"><a href=\"https:\/\/georgewendellbaker.com\/wp-content\/uploads\/2023\/09\/Dark-Night-.jpg\" aria-label=\"Dark Night\" class=\"w-image-h\"><img decoding=\"async\" width=\"940\" height=\"788\" src=\"https:\/\/georgewendellbaker.com\/wp-content\/uploads\/2023\/09\/Dark-Night-.jpg\" class=\"attachment-large size-large\" alt=\"\" loading=\"lazy\" srcset=\"https:\/\/georgewendellbaker.com\/wp-content\/uploads\/2023\/09\/Dark-Night-.jpg 940w, https:\/\/georgewendellbaker.com\/wp-content\/uploads\/2023\/09\/Dark-Night--600x503.jpg 600w, https:\/\/georgewendellbaker.com\/wp-content\/uploads\/2023\/09\/Dark-Night--300x251.jpg 300w\" sizes=\"auto, (max-width: 940px) 100vw, 940px\" \/><\/a><\/div><\/div><\/div><div class=\"wpb_column vc_column_container\"><div class=\"vc_column-inner\"><div class=\"wpb_text_column\"><div class=\"wpb_wrapper\"><p style=\"text-align: center;\">Une Rencontre en For\u00eat (fiction)<\/p>\n<\/div><\/div><div class=\"w-image align_center\"><a href=\"https:\/\/georgewendellbaker.com\/wp-content\/uploads\/2025\/06\/Woods-without-a-Door-4.pdf\" aria-label=\"Woods Without a Door (cover)\" class=\"w-image-h\"><img decoding=\"async\" src=\"https:\/\/georgewendellbaker.com\/wp-content\/uploads\/2025\/06\/Woods-Without-a-Door-cover.png\" class=\"attachment-full size-full\" alt=\"\" loading=\"lazy\" \/><\/a><\/div><div class=\"w-btn-wrapper align_center\"><a class=\"w-btn us-btn-style_1 us_custom_74e066d2 has_text_color\" href=\"https:\/\/georgewendellbaker.com\/wp-content\/uploads\/2025\/06\/Woods-without-a-Door-4.pdf\"><span class=\"w-btn-label\">T\u00e9l\u00e9charger le livre<\/span><\/a><\/div><div class=\"w-separator size_small\"><\/div><div class=\"w-image style_outlined align_center\"><a href=\"https:\/\/georgewendellbaker.com\/wp-content\/uploads\/2023\/09\/Kensho.jpg\" aria-label=\"Kensho\" class=\"w-image-h\"><img decoding=\"async\" width=\"940\" height=\"788\" src=\"https:\/\/georgewendellbaker.com\/wp-content\/uploads\/2023\/09\/Kensho.jpg\" class=\"attachment-large size-large\" alt=\"\" loading=\"lazy\" srcset=\"https:\/\/georgewendellbaker.com\/wp-content\/uploads\/2023\/09\/Kensho.jpg 940w, https:\/\/georgewendellbaker.com\/wp-content\/uploads\/2023\/09\/Kensho-600x503.jpg 600w, https:\/\/georgewendellbaker.com\/wp-content\/uploads\/2023\/09\/Kensho-300x251.jpg 300w\" sizes=\"auto, (max-width: 940px) 100vw, 940px\" \/><\/a><\/div><div class=\"w-image style_outlined align_center\"><a href=\"https:\/\/georgewendellbaker.com\/wp-content\/uploads\/2023\/09\/Anima-Treaty-.jpg\" aria-label=\"Anima Treaty\" class=\"w-image-h\"><img decoding=\"async\" width=\"940\" height=\"788\" src=\"https:\/\/georgewendellbaker.com\/wp-content\/uploads\/2023\/09\/Anima-Treaty-.jpg\" class=\"attachment-large size-large\" alt=\"\" loading=\"lazy\" srcset=\"https:\/\/georgewendellbaker.com\/wp-content\/uploads\/2023\/09\/Anima-Treaty-.jpg 940w, https:\/\/georgewendellbaker.com\/wp-content\/uploads\/2023\/09\/Anima-Treaty--600x503.jpg 600w, https:\/\/georgewendellbaker.com\/wp-content\/uploads\/2023\/09\/Anima-Treaty--300x251.jpg 300w\" sizes=\"auto, (max-width: 940px) 100vw, 940px\" \/><\/a><\/div><div class=\"w-image style_outlined align_none\"><a href=\"https:\/\/georgewendellbaker.com\/wp-content\/uploads\/2023\/10\/The-Sun-.jpg\" aria-label=\"The Sun\" class=\"w-image-h\"><img decoding=\"async\" width=\"940\" height=\"788\" src=\"https:\/\/georgewendellbaker.com\/wp-content\/uploads\/2023\/10\/The-Sun-.jpg\" class=\"attachment-large size-large\" alt=\"\" loading=\"lazy\" srcset=\"https:\/\/georgewendellbaker.com\/wp-content\/uploads\/2023\/10\/The-Sun-.jpg 940w, https:\/\/georgewendellbaker.com\/wp-content\/uploads\/2023\/10\/The-Sun--600x503.jpg 600w, https:\/\/georgewendellbaker.com\/wp-content\/uploads\/2023\/10\/The-Sun--300x251.jpg 300w\" sizes=\"auto, (max-width: 940px) 100vw, 940px\" \/><\/a><\/div><\/div><\/div><div class=\"wpb_column vc_column_container\"><div class=\"vc_column-inner\"><div class=\"wpb_text_column us_custom_365b730c\"><div class=\"wpb_wrapper\"><p style=\"text-align: center;\">Trait\u00e9 de la conscience<\/p>\n<\/div><\/div><div class=\"w-image align_none\"><a href=\"https:\/\/georgewendellbaker.com\/wp-content\/uploads\/2025\/11\/Treaty-on-Consciousness-Final.pdf\" aria-label=\"River of Seasons (1)\" class=\"w-image-h\"><img decoding=\"async\" width=\"724\" height=\"1024\" src=\"https:\/\/georgewendellbaker.com\/wp-content\/uploads\/2025\/09\/River-of-Seasons-1-724x1024.png\" class=\"attachment-large size-large\" alt=\"\" loading=\"lazy\" srcset=\"https:\/\/georgewendellbaker.com\/wp-content\/uploads\/2025\/09\/River-of-Seasons-1-724x1024.png 724w, https:\/\/georgewendellbaker.com\/wp-content\/uploads\/2025\/09\/River-of-Seasons-1-212x300.png 212w, https:\/\/georgewendellbaker.com\/wp-content\/uploads\/2025\/09\/River-of-Seasons-1-424x600.png 424w, https:\/\/georgewendellbaker.com\/wp-content\/uploads\/2025\/09\/River-of-Seasons-1-600x849.png 600w, https:\/\/georgewendellbaker.com\/wp-content\/uploads\/2025\/09\/River-of-Seasons-1.png 1414w\" sizes=\"auto, (max-width: 724px) 100vw, 724px\" \/><\/a><\/div><div class=\"w-btn-wrapper align_center\"><a class=\"w-btn us-btn-style_1 us_custom_74e066d2 has_text_color\" href=\"https:\/\/georgewendellbaker.com\/wp-content\/uploads\/2025\/11\/Treaty-on-Consciousness-Final.pdf\"><span class=\"w-btn-label\">T\u00e9l\u00e9charger le livre<\/span><\/a><\/div><div class=\"w-text us_custom_9e88dda2\"><span class=\"w-text-h\"><span class=\"w-text-value\">Po\u00e8mes et R\u00e9flexions<\/span><\/span><\/div><div class=\"w-image style_outlined align_center\"><a href=\"https:\/\/georgewendellbaker.com\/wp-content\/uploads\/2023\/10\/Through-Cottonwoods.jpg\" aria-label=\"Through Cottonwoods\" class=\"w-image-h\"><img decoding=\"async\" width=\"940\" height=\"788\" src=\"https:\/\/georgewendellbaker.com\/wp-content\/uploads\/2023\/10\/Through-Cottonwoods.jpg\" class=\"attachment-large size-large\" alt=\"\" loading=\"lazy\" srcset=\"https:\/\/georgewendellbaker.com\/wp-content\/uploads\/2023\/10\/Through-Cottonwoods.jpg 940w, https:\/\/georgewendellbaker.com\/wp-content\/uploads\/2023\/10\/Through-Cottonwoods-600x503.jpg 600w, https:\/\/georgewendellbaker.com\/wp-content\/uploads\/2023\/10\/Through-Cottonwoods-300x251.jpg 300w\" sizes=\"auto, (max-width: 940px) 100vw, 940px\" \/><\/a><\/div><div class=\"w-image style_outlined align_center\"><a href=\"https:\/\/georgewendellbaker.com\/wp-content\/uploads\/2023\/10\/Broken-Wing-1.jpg\" aria-label=\"Broken Wing\" class=\"w-image-h\"><img decoding=\"async\" width=\"940\" height=\"788\" src=\"https:\/\/georgewendellbaker.com\/wp-content\/uploads\/2023\/10\/Broken-Wing-1.jpg\" class=\"attachment-large size-large\" alt=\"\" loading=\"lazy\" srcset=\"https:\/\/georgewendellbaker.com\/wp-content\/uploads\/2023\/10\/Broken-Wing-1.jpg 940w, https:\/\/georgewendellbaker.com\/wp-content\/uploads\/2023\/10\/Broken-Wing-1-600x503.jpg 600w, https:\/\/georgewendellbaker.com\/wp-content\/uploads\/2023\/10\/Broken-Wing-1-300x251.jpg 300w\" sizes=\"auto, (max-width: 940px) 100vw, 940px\" \/><\/a><\/div><div class=\"w-image style_outlined align_center\"><a href=\"https:\/\/georgewendellbaker.com\/wp-content\/uploads\/2023\/10\/Jupiter-Snail.jpg\" aria-label=\"Jupiter Snail\" class=\"w-image-h\"><img decoding=\"async\" width=\"940\" height=\"788\" src=\"https:\/\/georgewendellbaker.com\/wp-content\/uploads\/2023\/10\/Jupiter-Snail.jpg\" class=\"attachment-large size-large\" alt=\"\" loading=\"lazy\" srcset=\"https:\/\/georgewendellbaker.com\/wp-content\/uploads\/2023\/10\/Jupiter-Snail.jpg 940w, https:\/\/georgewendellbaker.com\/wp-content\/uploads\/2023\/10\/Jupiter-Snail-600x503.jpg 600w, https:\/\/georgewendellbaker.com\/wp-content\/uploads\/2023\/10\/Jupiter-Snail-300x251.jpg 300w\" sizes=\"auto, (max-width: 940px) 100vw, 940px\" \/><\/a><\/div><\/div><\/div><\/div><\/div><\/section><div class=\"wpb_column vc_column_container\"><div class=\"vc_column-inner\"><\/div><\/div><section class=\"l-section wpb_row height_medium\"><div class=\"l-section-h i-cf\"><div class=\"g-cols vc_row via_grid cols_1 laptops-cols_inherit tablets-cols_inherit mobiles-cols_1 valign_top type_default stacking_default\"><div class=\"wpb_column vc_column_container\"><div class=\"vc_column-inner\"><div class=\"w-separator us_custom_8bcb69ac size_small\"><\/div><\/div><\/div><\/div><\/div><\/section>\n","protected":false},"excerpt":{"rendered":"\u00ab Je n\u2019ai aucun droit de me dire quelqu\u2019un qui sait. J\u2019\u00e9tais un chercheur, et je le suis encore, mais je ne cherche plus dans les \u00e9toiles ni dans les livres ; je commence \u00e0 entendre les enseignements de mon sang qui palpite en moi. Mon histoire n\u2019est pas agr\u00e9able, elle n\u2019est ni douce ni...","protected":false},"author":3,"featured_media":0,"parent":0,"menu_order":0,"comment_status":"closed","ping_status":"closed","template":"","meta":{"_acf_changed":false,"nf_dc_page":"","_uf_show_specific_survey":0,"_uf_disable_surveys":false,"footnotes":""},"class_list":["post-5573","page","type-page","status-publish","hentry"],"acf":[],"aioseo_notices":[],"_links":{"self":[{"href":"https:\/\/georgewendellbaker.com\/fr\/wp-json\/wp\/v2\/pages\/5573","targetHints":{"allow":["GET"]}}],"collection":[{"href":"https:\/\/georgewendellbaker.com\/fr\/wp-json\/wp\/v2\/pages"}],"about":[{"href":"https:\/\/georgewendellbaker.com\/fr\/wp-json\/wp\/v2\/types\/page"}],"author":[{"embeddable":true,"href":"https:\/\/georgewendellbaker.com\/fr\/wp-json\/wp\/v2\/users\/3"}],"replies":[{"embeddable":true,"href":"https:\/\/georgewendellbaker.com\/fr\/wp-json\/wp\/v2\/comments?post=5573"}],"version-history":[{"count":5,"href":"https:\/\/georgewendellbaker.com\/fr\/wp-json\/wp\/v2\/pages\/5573\/revisions"}],"predecessor-version":[{"id":6216,"href":"https:\/\/georgewendellbaker.com\/fr\/wp-json\/wp\/v2\/pages\/5573\/revisions\/6216"}],"wp:attachment":[{"href":"https:\/\/georgewendellbaker.com\/fr\/wp-json\/wp\/v2\/media?parent=5573"}],"curies":[{"name":"wp","href":"https:\/\/api.w.org\/{rel}","templated":true}]}}