{"id":6000,"date":"2025-10-28T08:05:13","date_gmt":"2025-10-28T08:05:13","guid":{"rendered":"https:\/\/georgewendellbaker.com\/5936-2\/"},"modified":"2025-11-03T00:14:36","modified_gmt":"2025-11-03T00:14:36","slug":"5936-2","status":"publish","type":"page","link":"https:\/\/georgewendellbaker.com\/fr\/5936-2\/","title":{"rendered":"Acquisition"},"content":{"rendered":"<section class=\"l-section wpb_row height_medium\"><div class=\"l-section-h i-cf\"><div class=\"g-cols vc_row via_grid cols_1 laptops-cols_inherit tablets-cols_inherit mobiles-cols_1 valign_top type_default stacking_default\"><div class=\"wpb_column vc_column_container\"><div class=\"vc_column-inner\"><div class=\"wpb_text_column us_custom_04872ac6\"><div class=\"wpb_wrapper\"><h4 style=\"text-align: center;\"><em><strong>Acquisition<\/strong><\/em><\/h4>\n<p>Une s\u00e9lection limit\u00e9e de peintures originales est propos\u00e9e directement par l\u2019artiste. Chaque \u0153uvre est cr\u00e9\u00e9e avec soin et porte une signification personnelle ; celles pr\u00e9sent\u00e9es ici sont disponibles \u00e0 l\u2019acquisition par paiement s\u00e9curis\u00e9 ou arrangement personnel. Les prix sont indiqu\u00e9s en dollars am\u00e9ricains (USD).<br \/>\nPour toute demande ou pour proc\u00e9der \u00e0 une acquisition, veuillez utiliser le lien Wise ou le formulaire de contact.<\/p>\n<\/div><\/div><\/div><\/div><\/div><\/div><\/section><section class=\"l-section wpb_row us_custom_33fe73d0 pair-row height_medium\"><div class=\"l-section-h i-cf\"><div class=\"g-cols vc_row via_grid cols_2 laptops-cols_inherit tablets-cols_inherit mobiles-cols_1 valign_top type_default stacking_default\"><div class=\"wpb_column vc_column_container\"><div class=\"vc_column-inner\"><div class=\"w-image align_none\"><div class=\"w-image-h\"><img decoding=\"async\" width=\"819\" height=\"1024\" src=\"https:\/\/georgewendellbaker.com\/wp-content\/uploads\/2025\/11\/Nocturne-C-819x1024.jpg\" class=\"attachment-large size-large\" alt=\"Nocturne \u2013 oil painting of a reclining nude woman and raven in a dreamlike sky, symbolic of the unconscious, inspired by Edgar Allan Poe. Metaphysical figurative art by Canadian artist George Wendell Baker\" loading=\"lazy\" srcset=\"https:\/\/georgewendellbaker.com\/wp-content\/uploads\/2025\/11\/Nocturne-C-819x1024.jpg 819w, https:\/\/georgewendellbaker.com\/wp-content\/uploads\/2025\/11\/Nocturne-C-240x300.jpg 240w, https:\/\/georgewendellbaker.com\/wp-content\/uploads\/2025\/11\/Nocturne-C-480x600.jpg 480w, https:\/\/georgewendellbaker.com\/wp-content\/uploads\/2025\/11\/Nocturne-C-600x751.jpg 600w, https:\/\/georgewendellbaker.com\/wp-content\/uploads\/2025\/11\/Nocturne-C.jpg 1144w\" sizes=\"auto, (max-width: 819px) 100vw, 819px\" \/><\/div><\/div><div class=\"wpb_text_column\"><div class=\"wpb_wrapper\"><h4><strong>Nocturne<\/strong><\/h4>\n<p><em>Oil on canvas, 72 \u00d7 90 cm<\/em><\/p>\n<p>Une m\u00e9ditation onirique sur l\u2019inconscient : une figure allong\u00e9e et un corbeau d\u00e9rivent dans un ciel lumineux.<br \/>\n\u0152uvre figurative m\u00e9taphysique de George Wendell Baker.<\/p>\n<p><strong>Price:<\/strong> $1,600 USD<\/p>\n<p class=\"action-buttons\"><a class=\"btn-primary\" href=\"#\">Purchase via Wise<\/a><br \/>\n<a class=\"btn-outline\" href=\"https:\/\/georgewendellbaker.com\/fr\/contact\/\">Inquire<\/a><\/p>\n<p><small>Shipping insured from Taiwan; packing\/crating at cost. Payment available via Wise.<\/small><\/p>\n<\/div><\/div><\/div><\/div><div class=\"wpb_column vc_column_container\"><div class=\"vc_column-inner\"><div class=\"w-image align_none\"><div class=\"w-image-h\"><img decoding=\"async\" width=\"819\" height=\"1024\" src=\"https:\/\/georgewendellbaker.com\/wp-content\/uploads\/2025\/11\/Luna_clean_final_deglared_watermarked-819x1024.jpg\" class=\"attachment-large size-large\" alt=\"Luna \u2013 oil painting of a moonlit female figure in blue tones, inspired by Gurdjieff\u2019s teachings on the moon as a metaphysical force. Dreamlike symbolic portrait by Canadian artist George Wendell Baker\" loading=\"lazy\" srcset=\"https:\/\/georgewendellbaker.com\/wp-content\/uploads\/2025\/11\/Luna_clean_final_deglared_watermarked-819x1024.jpg 819w, https:\/\/georgewendellbaker.com\/wp-content\/uploads\/2025\/11\/Luna_clean_final_deglared_watermarked-240x300.jpg 240w, https:\/\/georgewendellbaker.com\/wp-content\/uploads\/2025\/11\/Luna_clean_final_deglared_watermarked-480x600.jpg 480w, https:\/\/georgewendellbaker.com\/wp-content\/uploads\/2025\/11\/Luna_clean_final_deglared_watermarked-600x751.jpg 600w, https:\/\/georgewendellbaker.com\/wp-content\/uploads\/2025\/11\/Luna_clean_final_deglared_watermarked.jpg 1637w\" sizes=\"auto, (max-width: 819px) 100vw, 819px\" \/><\/div><\/div><div class=\"wpb_text_column\"><div class=\"wpb_wrapper\"><h4><strong>Luna<\/strong><\/h4>\n<p><em>Oil on canvas, 72 \u00d7 90 cm<\/em><\/p>\n<p>Un portrait au clair de lune de l\u2019\u00e9veil et de la solitude \u2014 une figure baign\u00e9e dans la froide radiance de la mer du subconscient.<br data-start=\"256\" data-end=\"259\" \/>\u0152uvre figurative m\u00e9taphysique de George Wendell Baker.<\/p>\n<p><strong>Price:<\/strong> $1,600 USD<\/p>\n<p class=\"action-buttons\"><a class=\"btn-primary\" href=\"#\">Purchase via Wise<\/a><br \/>\n<a class=\"btn-outline\" href=\"https:\/\/georgewendellbaker.com\/fr\/contact\/\">Inquire<\/a><\/p>\n<p><small>Shipping insured from Taiwan; payment available via Wise.<\/small><\/p>\n<\/div><\/div><\/div><\/div><\/div><\/div><\/section><section class=\"l-section wpb_row height_medium\"><div class=\"l-section-h i-cf\"><div class=\"g-cols vc_row via_grid cols_2 laptops-cols_inherit tablets-cols_inherit mobiles-cols_1 valign_top type_default stacking_default\"><div class=\"wpb_column vc_column_container\"><div class=\"vc_column-inner\"><div class=\"w-image align_none\"><div class=\"w-image-h\"><img decoding=\"async\" width=\"788\" height=\"1024\" src=\"https:\/\/georgewendellbaker.com\/wp-content\/uploads\/2019\/07\/For_Glory_or_War_I_Sancta_Bellum-1-788x1024.png\" class=\"attachment-large size-large\" alt=\"A grieving woman in black cradles a child beside a gravestone inscribed in French, on raw linen.\" loading=\"lazy\" srcset=\"https:\/\/georgewendellbaker.com\/wp-content\/uploads\/2019\/07\/For_Glory_or_War_I_Sancta_Bellum-1-788x1024.png 788w, https:\/\/georgewendellbaker.com\/wp-content\/uploads\/2019\/07\/For_Glory_or_War_I_Sancta_Bellum-1-231x300.png 231w, https:\/\/georgewendellbaker.com\/wp-content\/uploads\/2019\/07\/For_Glory_or_War_I_Sancta_Bellum-1-462x600.png 462w, https:\/\/georgewendellbaker.com\/wp-content\/uploads\/2019\/07\/For_Glory_or_War_I_Sancta_Bellum-1-600x780.png 600w, https:\/\/georgewendellbaker.com\/wp-content\/uploads\/2019\/07\/For_Glory_or_War_I_Sancta_Bellum-1.png 1122w\" sizes=\"auto, (max-width: 788px) 100vw, 788px\" \/><\/div><\/div><div class=\"wpb_text_column\"><div class=\"wpb_wrapper\"><h4><strong>For Glory or War I \u2014\u00a0 Sancta Bellum<\/strong><\/h4>\n<p><em>Oil on raw linen (unstretched), 78 \u00d7 100 cm<\/em><\/p>\n<p>Une lamentation sur toile de lin : une figure voil\u00e9e veille pour les absents et les r\u00e9duits au silence.\u00a0<br data-start=\"317\" data-end=\"320\" \/>La toile brute porte ses cicatrices comme un t\u00e9moignage, refusant l\u2019oubli.<\/p>\n<p><strong>Price:<\/strong> $1,400 USD<\/p>\n<p class=\"action-buttons\"><a class=\"btn-primary\" href=\"#\">Purchase via Wise<\/a><br \/>\n<a class=\"btn-outline\" href=\"https:\/\/georgewendellbaker.com\/fr\/contact\/\">Inquire<\/a><\/p>\n<p><small>Shipping insured from Taiwan; packing\/crating at cost. Payment available via Wise.<\/small><\/p>\n<\/div><\/div><\/div><\/div><div class=\"wpb_column vc_column_container\"><div class=\"vc_column-inner\"><div class=\"w-image align_none\"><div class=\"w-image-h\"><img decoding=\"async\" width=\"778\" height=\"1024\" src=\"https:\/\/georgewendellbaker.com\/wp-content\/uploads\/2019\/07\/For_Glory_or_War_II_Sancta_Bellum-1-778x1024.png\" class=\"attachment-large size-large\" alt=\"A solemn woman dressed in mourning gazes back in grief, seated against a golden-hued abstract wall with a symbolic halo.\" loading=\"lazy\" srcset=\"https:\/\/georgewendellbaker.com\/wp-content\/uploads\/2019\/07\/For_Glory_or_War_II_Sancta_Bellum-1-778x1024.png 778w, https:\/\/georgewendellbaker.com\/wp-content\/uploads\/2019\/07\/For_Glory_or_War_II_Sancta_Bellum-1-228x300.png 228w, https:\/\/georgewendellbaker.com\/wp-content\/uploads\/2019\/07\/For_Glory_or_War_II_Sancta_Bellum-1-456x600.png 456w, https:\/\/georgewendellbaker.com\/wp-content\/uploads\/2019\/07\/For_Glory_or_War_II_Sancta_Bellum-1-600x789.png 600w, https:\/\/georgewendellbaker.com\/wp-content\/uploads\/2019\/07\/For_Glory_or_War_II_Sancta_Bellum-1.png 1115w\" sizes=\"auto, (max-width: 778px) 100vw, 778px\" \/><\/div><\/div><div class=\"wpb_text_column\"><div class=\"wpb_wrapper\"><h4><strong>For Glory or War II \u2014 Sancta Bellum<\/strong><\/h4>\n<p><em>Oil on raw linen (unstretched), 78 \u00d7 100 cm<\/em><\/p>\n<p>Une \u0153uvre s\u0153ur en veille : la figure se retourne \u00e0 travers le temps, aur\u00e9ol\u00e9e non de triomphe mais de m\u00e9moire.<br data-start=\"334\" data-end=\"337\" \/>Un requiem silencieux pour ceux qui reposent sous la rh\u00e9torique de la gloire.<\/p>\n<p><strong>Price:<\/strong> $1,400 USD<\/p>\n<p class=\"action-buttons\"><a class=\"btn-primary\" href=\"#\">Purchase via Wise<\/a><br \/>\n<a class=\"btn-outline\" href=\"https:\/\/georgewendellbaker.com\/fr\/contact\/\">Inquire<\/a><\/p>\n<p><small>Shipping insured from Taiwan; packing\/crating at cost. Payment available via Wise.<\/small><\/p>\n<\/div><\/div><\/div><\/div><\/div><\/div><\/section><section class=\"l-section wpb_row height_medium\"><div class=\"l-section-h i-cf\"><div class=\"g-cols vc_row via_grid cols_2 laptops-cols_inherit tablets-cols_inherit mobiles-cols_1 valign_top type_default stacking_default\"><div class=\"wpb_column vc_column_container\"><div class=\"vc_column-inner\"><div class=\"w-image align_none\"><div class=\"w-image-h\"><img decoding=\"async\" width=\"786\" height=\"1024\" src=\"https:\/\/georgewendellbaker.com\/wp-content\/uploads\/2019\/07\/Nef-AA-786x1024.jpg\" class=\"attachment-large size-large\" alt=\"Nefarious Theatre,\u201d figurative oil painting by Gw Baker, symbolizing manipulation, performance, and control through allegorical figures\" loading=\"lazy\" srcset=\"https:\/\/georgewendellbaker.com\/wp-content\/uploads\/2019\/07\/Nef-AA-786x1024.jpg 786w, https:\/\/georgewendellbaker.com\/wp-content\/uploads\/2019\/07\/Nef-AA-600x782.jpg 600w, https:\/\/georgewendellbaker.com\/wp-content\/uploads\/2019\/07\/Nef-AA-230x300.jpg 230w, https:\/\/georgewendellbaker.com\/wp-content\/uploads\/2019\/07\/Nef-AA-460x600.jpg 460w, https:\/\/georgewendellbaker.com\/wp-content\/uploads\/2019\/07\/Nef-AA.jpg 1217w\" sizes=\"auto, (max-width: 786px) 100vw, 786px\" \/><\/div><\/div><div class=\"wpb_text_column\"><div class=\"wpb_wrapper\"><h4><strong>Nefarious Theatre<\/strong><\/h4>\n<p><em>Oil on canvas, 90 \u00d7 115 cm<\/em><\/p>\n<p>Un jugement mis en sc\u00e8ne : la beaut\u00e9 et la tromperie s\u2019enlacent dans un tableau de silence et d\u2019autorit\u00e9.<br data-start=\"281\" data-end=\"284\" \/>Sous le vernis du glamour, le mythe du contr\u00f4le commence \u00e0 se fissurer.<\/p>\n<p><strong>Price:<\/strong> $1,800 USD<\/p>\n<p class=\"action-buttons\"><a class=\"btn-primary\" href=\"#\">Purchase via Wise<\/a><br \/>\n<a class=\"btn-outline\" href=\"https:\/\/georgewendellbaker.com\/fr\/contact\/\">Inquire<\/a><\/p>\n<p><small>Shipping insured from Taiwan; packing\/crating at cost. Payment available via Wise.<\/small><\/p>\n<\/div><\/div><\/div><\/div><div class=\"wpb_column vc_column_container\"><div class=\"vc_column-inner\"><div class=\"w-image align_none\"><div class=\"w-image-h\"><img decoding=\"async\" width=\"791\" height=\"1024\" src=\"https:\/\/georgewendellbaker.com\/wp-content\/uploads\/2019\/07\/test-punki-2-791x1024.jpg\" class=\"attachment-large size-large\" alt=\"Punki Tomo No. 8, expressive figurative oil painting by Gw Baker, part of a series exploring modern archetypes and spiritual confrontation.\" loading=\"lazy\" srcset=\"https:\/\/georgewendellbaker.com\/wp-content\/uploads\/2019\/07\/test-punki-2-791x1024.jpg 791w, https:\/\/georgewendellbaker.com\/wp-content\/uploads\/2019\/07\/test-punki-2-600x777.jpg 600w, https:\/\/georgewendellbaker.com\/wp-content\/uploads\/2019\/07\/test-punki-2-232x300.jpg 232w, https:\/\/georgewendellbaker.com\/wp-content\/uploads\/2019\/07\/test-punki-2-463x600.jpg 463w, https:\/\/georgewendellbaker.com\/wp-content\/uploads\/2019\/07\/test-punki-2.jpg 1383w\" sizes=\"auto, (max-width: 791px) 100vw, 791px\" \/><\/div><\/div><div class=\"wpb_text_column\"><div class=\"wpb_wrapper\"><h4><strong>Punki Tomo No. 8<\/strong><\/h4>\n<p><em>Oil on canvas, 90 \u00d7 115 cm<\/em><\/p>\n<p>Une m\u00e9ditation sur le divin cach\u00e9 dans la contradiction \u2014 l\u00e0 o\u00f9 la r\u00e9v\u00e9rence rencontre la culture pop, et o\u00f9 le sacr\u00e9 sourit m\u00eame \u00e0 travers le <em data-start=\"318\" data-end=\"326\">kawaii<\/em>.<\/p>\n<p><strong>Price:<\/strong> $1,800 USD<\/p>\n<p class=\"action-buttons\"><a class=\"btn-primary\" href=\"#\">Purchase via Wise<\/a><br \/>\n<a class=\"btn-outline\" href=\"https:\/\/georgewendellbaker.com\/fr\/contact\/\">Inquire<\/a><\/p>\n<p><small>Shipping insured from Taiwan; packing\/crating at cost. Payment available via Wise.<\/small><\/p>\n<\/div><\/div><\/div><\/div><\/div><\/div><\/section>\n","protected":false},"excerpt":{"rendered":"Acquisition Une s\u00e9lection limit\u00e9e de peintures originales est propos\u00e9e directement par l\u2019artiste. Chaque \u0153uvre est cr\u00e9\u00e9e avec soin et porte une signification personnelle ; celles pr\u00e9sent\u00e9es ici sont disponibles \u00e0 l\u2019acquisition par paiement s\u00e9curis\u00e9 ou arrangement personnel. Les prix sont indiqu\u00e9s en dollars am\u00e9ricains (USD). Pour toute demande ou pour proc\u00e9der \u00e0 une acquisition, veuillez...","protected":false},"author":3,"featured_media":0,"parent":0,"menu_order":0,"comment_status":"closed","ping_status":"closed","template":"","meta":{"_acf_changed":false,"nf_dc_page":"","_uf_show_specific_survey":0,"_uf_disable_surveys":false,"footnotes":""},"class_list":["post-6000","page","type-page","status-publish","hentry"],"acf":[],"aioseo_notices":[],"_links":{"self":[{"href":"https:\/\/georgewendellbaker.com\/fr\/wp-json\/wp\/v2\/pages\/6000","targetHints":{"allow":["GET"]}}],"collection":[{"href":"https:\/\/georgewendellbaker.com\/fr\/wp-json\/wp\/v2\/pages"}],"about":[{"href":"https:\/\/georgewendellbaker.com\/fr\/wp-json\/wp\/v2\/types\/page"}],"author":[{"embeddable":true,"href":"https:\/\/georgewendellbaker.com\/fr\/wp-json\/wp\/v2\/users\/3"}],"replies":[{"embeddable":true,"href":"https:\/\/georgewendellbaker.com\/fr\/wp-json\/wp\/v2\/comments?post=6000"}],"version-history":[{"count":5,"href":"https:\/\/georgewendellbaker.com\/fr\/wp-json\/wp\/v2\/pages\/6000\/revisions"}],"predecessor-version":[{"id":6106,"href":"https:\/\/georgewendellbaker.com\/fr\/wp-json\/wp\/v2\/pages\/6000\/revisions\/6106"}],"wp:attachment":[{"href":"https:\/\/georgewendellbaker.com\/fr\/wp-json\/wp\/v2\/media?parent=6000"}],"curies":[{"name":"wp","href":"https:\/\/api.w.org\/{rel}","templated":true}]}}